{"id":3042,"date":"2021-07-12T09:01:02","date_gmt":"2021-07-12T08:01:02","guid":{"rendered":"https:\/\/www.stockalperweg.ch\/chemin-du-stockalper\/simplon-village-gorge-de-gondo-gondo\/"},"modified":"2021-07-12T09:06:43","modified_gmt":"2021-07-12T08:06:43","slug":"simplon-village-gorge-de-gondo-gondo","status":"publish","type":"page","link":"https:\/\/www.stockalperweg.ch\/fr\/chemin-du-stockalper\/simplon-village-gorge-de-gondo-gondo\/","title":{"rendered":"Simplon Village &#8211; Gorge de Gondo &#8211; Gondo"},"content":{"rendered":"\n","protected":false},"excerpt":{"rendered":"<p>La troisi\u00e8me \u00e9tape du Stockalperweg m\u00e8ne du village de Simplon \u00e0 Gondo. Vous traversez l&rsquo;impressionnante gorge de Gondo et le Fort Gondo.<\/p>\n","protected":false},"author":7,"featured_media":2989,"parent":87,"menu_order":0,"comment_status":"closed","ping_status":"closed","template":"","meta":{"footnotes":""},"class_list":["post-3042","page","type-page","status-publish","has-post-thumbnail","hentry"],"yoast_head":"<!-- This site is optimized with the Yoast SEO plugin v27.4 - https:\/\/yoast.com\/product\/yoast-seo-wordpress\/ -->\n<title>Simplon Village - Gorge de Gondo - Gondo - Stockalperweg<\/title>\n<meta name=\"description\" content=\"La troisi\u00e8me \u00e9tape du Stockalperweg m\u00e8ne du village de Simplon \u00e0 Gondo. Vous traversez l&#039;impressionnante gorge de Gondo et le Fort Gondo.\" \/>\n<meta name=\"robots\" content=\"index, follow, max-snippet:-1, max-image-preview:large, max-video-preview:-1\" \/>\n<link rel=\"canonical\" href=\"https:\/\/www.stockalperweg.ch\/fr\/chemin-du-stockalper\/simplon-village-gorge-de-gondo-gondo\/\" \/>\n<meta property=\"og:locale\" content=\"fr_FR\" \/>\n<meta property=\"og:type\" content=\"article\" \/>\n<meta property=\"og:title\" content=\"Simplon Village - Gorge de Gondo - Gondo - Stockalperweg\" \/>\n<meta property=\"og:description\" content=\"La troisi\u00e8me \u00e9tape du Stockalperweg m\u00e8ne du village de Simplon \u00e0 Gondo. Vous traversez l&#039;impressionnante gorge de Gondo et le Fort Gondo.\" \/>\n<meta property=\"og:url\" content=\"https:\/\/www.stockalperweg.ch\/fr\/chemin-du-stockalper\/simplon-village-gorge-de-gondo-gondo\/\" \/>\n<meta property=\"og:site_name\" content=\"Stockalperweg\" \/>\n<meta property=\"article:publisher\" content=\"https:\/\/www.facebook.com\/ViaStockalper\" \/>\n<meta property=\"article:modified_time\" content=\"2021-07-12T08:06:43+00:00\" \/>\n<meta property=\"og:image\" content=\"https:\/\/www.stockalperweg.ch\/wp-content\/uploads\/2021\/07\/Gondo-scaled.jpg\" \/>\n\t<meta property=\"og:image:width\" content=\"2560\" \/>\n\t<meta property=\"og:image:height\" content=\"1700\" \/>\n\t<meta property=\"og:image:type\" content=\"image\/jpeg\" \/>\n<meta name=\"twitter:card\" content=\"summary_large_image\" \/>\n<meta name=\"twitter:label1\" content=\"Dur\u00e9e de lecture estim\u00e9e\" \/>\n\t<meta name=\"twitter:data1\" content=\"1 minute\" \/>\n<script type=\"application\/ld+json\" class=\"yoast-schema-graph\">{\"@context\":\"https:\\\/\\\/schema.org\",\"@graph\":[{\"@type\":\"WebPage\",\"@id\":\"https:\\\/\\\/www.stockalperweg.ch\\\/fr\\\/chemin-du-stockalper\\\/simplon-village-gorge-de-gondo-gondo\\\/\",\"url\":\"https:\\\/\\\/www.stockalperweg.ch\\\/fr\\\/chemin-du-stockalper\\\/simplon-village-gorge-de-gondo-gondo\\\/\",\"name\":\"Simplon Village - Gorge de Gondo - Gondo - Stockalperweg\",\"isPartOf\":{\"@id\":\"https:\\\/\\\/www.stockalperweg.ch\\\/fr\\\/#website\"},\"primaryImageOfPage\":{\"@id\":\"https:\\\/\\\/www.stockalperweg.ch\\\/fr\\\/chemin-du-stockalper\\\/simplon-village-gorge-de-gondo-gondo\\\/#primaryimage\"},\"image\":{\"@id\":\"https:\\\/\\\/www.stockalperweg.ch\\\/fr\\\/chemin-du-stockalper\\\/simplon-village-gorge-de-gondo-gondo\\\/#primaryimage\"},\"thumbnailUrl\":\"https:\\\/\\\/www.stockalperweg.ch\\\/wp-content\\\/uploads\\\/2021\\\/07\\\/Gondo-scaled.jpg\",\"datePublished\":\"2021-07-12T08:01:02+00:00\",\"dateModified\":\"2021-07-12T08:06:43+00:00\",\"description\":\"La troisi\u00e8me \u00e9tape du Stockalperweg m\u00e8ne du village de Simplon \u00e0 Gondo. Vous traversez l'impressionnante gorge de Gondo et le Fort Gondo.\",\"breadcrumb\":{\"@id\":\"https:\\\/\\\/www.stockalperweg.ch\\\/fr\\\/chemin-du-stockalper\\\/simplon-village-gorge-de-gondo-gondo\\\/#breadcrumb\"},\"inLanguage\":\"fr-FR\",\"potentialAction\":[{\"@type\":\"ReadAction\",\"target\":[\"https:\\\/\\\/www.stockalperweg.ch\\\/fr\\\/chemin-du-stockalper\\\/simplon-village-gorge-de-gondo-gondo\\\/\"]}]},{\"@type\":\"ImageObject\",\"inLanguage\":\"fr-FR\",\"@id\":\"https:\\\/\\\/www.stockalperweg.ch\\\/fr\\\/chemin-du-stockalper\\\/simplon-village-gorge-de-gondo-gondo\\\/#primaryimage\",\"url\":\"https:\\\/\\\/www.stockalperweg.ch\\\/wp-content\\\/uploads\\\/2021\\\/07\\\/Gondo-scaled.jpg\",\"contentUrl\":\"https:\\\/\\\/www.stockalperweg.ch\\\/wp-content\\\/uploads\\\/2021\\\/07\\\/Gondo-scaled.jpg\",\"width\":2560,\"height\":1700},{\"@type\":\"BreadcrumbList\",\"@id\":\"https:\\\/\\\/www.stockalperweg.ch\\\/fr\\\/chemin-du-stockalper\\\/simplon-village-gorge-de-gondo-gondo\\\/#breadcrumb\",\"itemListElement\":[{\"@type\":\"ListItem\",\"position\":1,\"name\":\"Startseite\",\"item\":\"https:\\\/\\\/www.stockalperweg.ch\\\/fr\\\/\"},{\"@type\":\"ListItem\",\"position\":2,\"name\":\"Sentier Stockalper\",\"item\":\"https:\\\/\\\/www.stockalperweg.ch\\\/fr\\\/\"},{\"@type\":\"ListItem\",\"position\":3,\"name\":\"Simplon Village &#8211; Gorge de Gondo &#8211; Gondo\"}]},{\"@type\":\"WebSite\",\"@id\":\"https:\\\/\\\/www.stockalperweg.ch\\\/fr\\\/#website\",\"url\":\"https:\\\/\\\/www.stockalperweg.ch\\\/fr\\\/\",\"name\":\"Stockalperweg\",\"description\":\"Der historische Wanderweg die ViaStockalper oder auch Stockalperweg f\u00fchrt von Brig nach Domodossola\",\"publisher\":{\"@id\":\"https:\\\/\\\/www.stockalperweg.ch\\\/fr\\\/#organization\"},\"potentialAction\":[{\"@type\":\"SearchAction\",\"target\":{\"@type\":\"EntryPoint\",\"urlTemplate\":\"https:\\\/\\\/www.stockalperweg.ch\\\/fr\\\/?s={search_term_string}\"},\"query-input\":{\"@type\":\"PropertyValueSpecification\",\"valueRequired\":true,\"valueName\":\"search_term_string\"}}],\"inLanguage\":\"fr-FR\"},{\"@type\":\"Organization\",\"@id\":\"https:\\\/\\\/www.stockalperweg.ch\\\/fr\\\/#organization\",\"name\":\"Stockalperweg\",\"url\":\"https:\\\/\\\/www.stockalperweg.ch\\\/fr\\\/\",\"logo\":{\"@type\":\"ImageObject\",\"inLanguage\":\"fr-FR\",\"@id\":\"https:\\\/\\\/www.stockalperweg.ch\\\/fr\\\/#\\\/schema\\\/logo\\\/image\\\/\",\"url\":\"https:\\\/\\\/www.stockalperweg.ch\\\/wp-content\\\/uploads\\\/2020\\\/01\\\/logo-2.png\",\"contentUrl\":\"https:\\\/\\\/www.stockalperweg.ch\\\/wp-content\\\/uploads\\\/2020\\\/01\\\/logo-2.png\",\"width\":400,\"height\":204,\"caption\":\"Stockalperweg\"},\"image\":{\"@id\":\"https:\\\/\\\/www.stockalperweg.ch\\\/fr\\\/#\\\/schema\\\/logo\\\/image\\\/\"},\"sameAs\":[\"https:\\\/\\\/www.facebook.com\\\/ViaStockalper\",\"https:\\\/\\\/de.wikipedia.org\\\/wiki\\\/Via_Stockalper\"]}]}<\/script>\n<!-- \/ Yoast SEO plugin. -->","yoast_head_json":{"title":"Simplon Village - Gorge de Gondo - Gondo - Stockalperweg","description":"La troisi\u00e8me \u00e9tape du Stockalperweg m\u00e8ne du village de Simplon \u00e0 Gondo. Vous traversez l'impressionnante gorge de Gondo et le Fort Gondo.","robots":{"index":"index","follow":"follow","max-snippet":"max-snippet:-1","max-image-preview":"max-image-preview:large","max-video-preview":"max-video-preview:-1"},"canonical":"https:\/\/www.stockalperweg.ch\/fr\/chemin-du-stockalper\/simplon-village-gorge-de-gondo-gondo\/","og_locale":"fr_FR","og_type":"article","og_title":"Simplon Village - Gorge de Gondo - Gondo - Stockalperweg","og_description":"La troisi\u00e8me \u00e9tape du Stockalperweg m\u00e8ne du village de Simplon \u00e0 Gondo. Vous traversez l'impressionnante gorge de Gondo et le Fort Gondo.","og_url":"https:\/\/www.stockalperweg.ch\/fr\/chemin-du-stockalper\/simplon-village-gorge-de-gondo-gondo\/","og_site_name":"Stockalperweg","article_publisher":"https:\/\/www.facebook.com\/ViaStockalper","article_modified_time":"2021-07-12T08:06:43+00:00","og_image":[{"width":2560,"height":1700,"url":"https:\/\/www.stockalperweg.ch\/wp-content\/uploads\/2021\/07\/Gondo-scaled.jpg","type":"image\/jpeg"}],"twitter_card":"summary_large_image","twitter_misc":{"Dur\u00e9e de lecture estim\u00e9e":"1 minute"},"schema":{"@context":"https:\/\/schema.org","@graph":[{"@type":"WebPage","@id":"https:\/\/www.stockalperweg.ch\/fr\/chemin-du-stockalper\/simplon-village-gorge-de-gondo-gondo\/","url":"https:\/\/www.stockalperweg.ch\/fr\/chemin-du-stockalper\/simplon-village-gorge-de-gondo-gondo\/","name":"Simplon Village - Gorge de Gondo - Gondo - Stockalperweg","isPartOf":{"@id":"https:\/\/www.stockalperweg.ch\/fr\/#website"},"primaryImageOfPage":{"@id":"https:\/\/www.stockalperweg.ch\/fr\/chemin-du-stockalper\/simplon-village-gorge-de-gondo-gondo\/#primaryimage"},"image":{"@id":"https:\/\/www.stockalperweg.ch\/fr\/chemin-du-stockalper\/simplon-village-gorge-de-gondo-gondo\/#primaryimage"},"thumbnailUrl":"https:\/\/www.stockalperweg.ch\/wp-content\/uploads\/2021\/07\/Gondo-scaled.jpg","datePublished":"2021-07-12T08:01:02+00:00","dateModified":"2021-07-12T08:06:43+00:00","description":"La troisi\u00e8me \u00e9tape du Stockalperweg m\u00e8ne du village de Simplon \u00e0 Gondo. Vous traversez l'impressionnante gorge de Gondo et le Fort Gondo.","breadcrumb":{"@id":"https:\/\/www.stockalperweg.ch\/fr\/chemin-du-stockalper\/simplon-village-gorge-de-gondo-gondo\/#breadcrumb"},"inLanguage":"fr-FR","potentialAction":[{"@type":"ReadAction","target":["https:\/\/www.stockalperweg.ch\/fr\/chemin-du-stockalper\/simplon-village-gorge-de-gondo-gondo\/"]}]},{"@type":"ImageObject","inLanguage":"fr-FR","@id":"https:\/\/www.stockalperweg.ch\/fr\/chemin-du-stockalper\/simplon-village-gorge-de-gondo-gondo\/#primaryimage","url":"https:\/\/www.stockalperweg.ch\/wp-content\/uploads\/2021\/07\/Gondo-scaled.jpg","contentUrl":"https:\/\/www.stockalperweg.ch\/wp-content\/uploads\/2021\/07\/Gondo-scaled.jpg","width":2560,"height":1700},{"@type":"BreadcrumbList","@id":"https:\/\/www.stockalperweg.ch\/fr\/chemin-du-stockalper\/simplon-village-gorge-de-gondo-gondo\/#breadcrumb","itemListElement":[{"@type":"ListItem","position":1,"name":"Startseite","item":"https:\/\/www.stockalperweg.ch\/fr\/"},{"@type":"ListItem","position":2,"name":"Sentier Stockalper","item":"https:\/\/www.stockalperweg.ch\/fr\/"},{"@type":"ListItem","position":3,"name":"Simplon Village &#8211; Gorge de Gondo &#8211; Gondo"}]},{"@type":"WebSite","@id":"https:\/\/www.stockalperweg.ch\/fr\/#website","url":"https:\/\/www.stockalperweg.ch\/fr\/","name":"Stockalperweg","description":"Der historische Wanderweg die ViaStockalper oder auch Stockalperweg f\u00fchrt von Brig nach Domodossola","publisher":{"@id":"https:\/\/www.stockalperweg.ch\/fr\/#organization"},"potentialAction":[{"@type":"SearchAction","target":{"@type":"EntryPoint","urlTemplate":"https:\/\/www.stockalperweg.ch\/fr\/?s={search_term_string}"},"query-input":{"@type":"PropertyValueSpecification","valueRequired":true,"valueName":"search_term_string"}}],"inLanguage":"fr-FR"},{"@type":"Organization","@id":"https:\/\/www.stockalperweg.ch\/fr\/#organization","name":"Stockalperweg","url":"https:\/\/www.stockalperweg.ch\/fr\/","logo":{"@type":"ImageObject","inLanguage":"fr-FR","@id":"https:\/\/www.stockalperweg.ch\/fr\/#\/schema\/logo\/image\/","url":"https:\/\/www.stockalperweg.ch\/wp-content\/uploads\/2020\/01\/logo-2.png","contentUrl":"https:\/\/www.stockalperweg.ch\/wp-content\/uploads\/2020\/01\/logo-2.png","width":400,"height":204,"caption":"Stockalperweg"},"image":{"@id":"https:\/\/www.stockalperweg.ch\/fr\/#\/schema\/logo\/image\/"},"sameAs":["https:\/\/www.facebook.com\/ViaStockalper","https:\/\/de.wikipedia.org\/wiki\/Via_Stockalper"]}]}},"_links":{"self":[{"href":"https:\/\/www.stockalperweg.ch\/fr\/wp-json\/wp\/v2\/pages\/3042","targetHints":{"allow":["GET"]}}],"collection":[{"href":"https:\/\/www.stockalperweg.ch\/fr\/wp-json\/wp\/v2\/pages"}],"about":[{"href":"https:\/\/www.stockalperweg.ch\/fr\/wp-json\/wp\/v2\/types\/page"}],"author":[{"embeddable":true,"href":"https:\/\/www.stockalperweg.ch\/fr\/wp-json\/wp\/v2\/users\/7"}],"replies":[{"embeddable":true,"href":"https:\/\/www.stockalperweg.ch\/fr\/wp-json\/wp\/v2\/comments?post=3042"}],"version-history":[{"count":3,"href":"https:\/\/www.stockalperweg.ch\/fr\/wp-json\/wp\/v2\/pages\/3042\/revisions"}],"predecessor-version":[{"id":3055,"href":"https:\/\/www.stockalperweg.ch\/fr\/wp-json\/wp\/v2\/pages\/3042\/revisions\/3055"}],"up":[{"embeddable":true,"href":"https:\/\/www.stockalperweg.ch\/fr\/wp-json\/wp\/v2\/pages\/87"}],"wp:featuredmedia":[{"embeddable":true,"href":"https:\/\/www.stockalperweg.ch\/fr\/wp-json\/wp\/v2\/media\/2989"}],"wp:attachment":[{"href":"https:\/\/www.stockalperweg.ch\/fr\/wp-json\/wp\/v2\/media?parent=3042"}],"curies":[{"name":"wp","href":"https:\/\/api.w.org\/{rel}","templated":true}]}}