{"id":3038,"date":"2021-07-12T08:57:03","date_gmt":"2021-07-12T07:57:03","guid":{"rendered":"https:\/\/www.stockalperweg.ch\/chemin-du-stockalper\/gondo-bognanco\/"},"modified":"2021-07-12T09:04:10","modified_gmt":"2021-07-12T08:04:10","slug":"gondo-bognanco","status":"publish","type":"page","link":"https:\/\/www.stockalperweg.ch\/fr\/chemin-du-stockalper\/gondo-bognanco\/","title":{"rendered":"Gondo &#8211; Bognanco"},"content":{"rendered":"\n","protected":false},"excerpt":{"rendered":"","protected":false},"author":8,"featured_media":0,"parent":87,"menu_order":0,"comment_status":"closed","ping_status":"closed","template":"","meta":{"footnotes":""},"class_list":["post-3038","page","type-page","status-publish","hentry"],"yoast_head":"<!-- This site is optimized with the Yoast SEO plugin v27.5 - https:\/\/yoast.com\/product\/yoast-seo-wordpress\/ -->\n<title>Gondo - Bognanco - Stockalperweg<\/title>\n<meta name=\"description\" content=\"La quatri\u00e8me \u00e9tape du Stockalperweg m\u00e8ne du Simplonpass, par le col de Monscera, \u00e0 Bognanco (Italie).\" \/>\n<meta name=\"robots\" content=\"index, follow, max-snippet:-1, max-image-preview:large, max-video-preview:-1\" \/>\n<link rel=\"canonical\" href=\"https:\/\/www.stockalperweg.ch\/fr\/chemin-du-stockalper\/gondo-bognanco\/\" \/>\n<meta property=\"og:locale\" content=\"fr_FR\" \/>\n<meta property=\"og:type\" content=\"article\" \/>\n<meta property=\"og:title\" content=\"Gondo - Bognanco - Stockalperweg\" \/>\n<meta property=\"og:description\" content=\"La quatri\u00e8me \u00e9tape du Stockalperweg m\u00e8ne du Simplonpass, par le col de Monscera, \u00e0 Bognanco (Italie).\" \/>\n<meta property=\"og:url\" content=\"https:\/\/www.stockalperweg.ch\/fr\/chemin-du-stockalper\/gondo-bognanco\/\" \/>\n<meta property=\"og:site_name\" content=\"Stockalperweg\" \/>\n<meta property=\"article:publisher\" content=\"https:\/\/www.facebook.com\/ViaStockalper\" \/>\n<meta property=\"article:modified_time\" content=\"2021-07-12T08:04:10+00:00\" \/>\n<meta name=\"twitter:card\" content=\"summary_large_image\" \/>\n<meta name=\"twitter:label1\" content=\"Dur\u00e9e de lecture estim\u00e9e\" \/>\n\t<meta name=\"twitter:data1\" content=\"1 minute\" \/>\n<script type=\"application\/ld+json\" class=\"yoast-schema-graph\">{\"@context\":\"https:\\\/\\\/schema.org\",\"@graph\":[{\"@type\":\"WebPage\",\"@id\":\"https:\\\/\\\/www.stockalperweg.ch\\\/fr\\\/chemin-du-stockalper\\\/gondo-bognanco\\\/\",\"url\":\"https:\\\/\\\/www.stockalperweg.ch\\\/fr\\\/chemin-du-stockalper\\\/gondo-bognanco\\\/\",\"name\":\"Gondo - Bognanco - Stockalperweg\",\"isPartOf\":{\"@id\":\"https:\\\/\\\/www.stockalperweg.ch\\\/fr\\\/#website\"},\"datePublished\":\"2021-07-12T07:57:03+00:00\",\"dateModified\":\"2021-07-12T08:04:10+00:00\",\"description\":\"La quatri\u00e8me \u00e9tape du Stockalperweg m\u00e8ne du Simplonpass, par le col de Monscera, \u00e0 Bognanco (Italie).\",\"breadcrumb\":{\"@id\":\"https:\\\/\\\/www.stockalperweg.ch\\\/fr\\\/chemin-du-stockalper\\\/gondo-bognanco\\\/#breadcrumb\"},\"inLanguage\":\"fr-FR\",\"potentialAction\":[{\"@type\":\"ReadAction\",\"target\":[\"https:\\\/\\\/www.stockalperweg.ch\\\/fr\\\/chemin-du-stockalper\\\/gondo-bognanco\\\/\"]}]},{\"@type\":\"BreadcrumbList\",\"@id\":\"https:\\\/\\\/www.stockalperweg.ch\\\/fr\\\/chemin-du-stockalper\\\/gondo-bognanco\\\/#breadcrumb\",\"itemListElement\":[{\"@type\":\"ListItem\",\"position\":1,\"name\":\"Startseite\",\"item\":\"https:\\\/\\\/www.stockalperweg.ch\\\/fr\\\/\"},{\"@type\":\"ListItem\",\"position\":2,\"name\":\"Sentier Stockalper\",\"item\":\"https:\\\/\\\/www.stockalperweg.ch\\\/fr\\\/\"},{\"@type\":\"ListItem\",\"position\":3,\"name\":\"Gondo &#8211; Bognanco\"}]},{\"@type\":\"WebSite\",\"@id\":\"https:\\\/\\\/www.stockalperweg.ch\\\/fr\\\/#website\",\"url\":\"https:\\\/\\\/www.stockalperweg.ch\\\/fr\\\/\",\"name\":\"Stockalperweg\",\"description\":\"Der historische Wanderweg die ViaStockalper oder auch Stockalperweg f\u00fchrt von Brig nach Domodossola\",\"publisher\":{\"@id\":\"https:\\\/\\\/www.stockalperweg.ch\\\/fr\\\/#organization\"},\"potentialAction\":[{\"@type\":\"SearchAction\",\"target\":{\"@type\":\"EntryPoint\",\"urlTemplate\":\"https:\\\/\\\/www.stockalperweg.ch\\\/fr\\\/?s={search_term_string}\"},\"query-input\":{\"@type\":\"PropertyValueSpecification\",\"valueRequired\":true,\"valueName\":\"search_term_string\"}}],\"inLanguage\":\"fr-FR\"},{\"@type\":\"Organization\",\"@id\":\"https:\\\/\\\/www.stockalperweg.ch\\\/fr\\\/#organization\",\"name\":\"Stockalperweg\",\"url\":\"https:\\\/\\\/www.stockalperweg.ch\\\/fr\\\/\",\"logo\":{\"@type\":\"ImageObject\",\"inLanguage\":\"fr-FR\",\"@id\":\"https:\\\/\\\/www.stockalperweg.ch\\\/fr\\\/#\\\/schema\\\/logo\\\/image\\\/\",\"url\":\"https:\\\/\\\/www.stockalperweg.ch\\\/wp-content\\\/uploads\\\/2020\\\/01\\\/logo-2.png\",\"contentUrl\":\"https:\\\/\\\/www.stockalperweg.ch\\\/wp-content\\\/uploads\\\/2020\\\/01\\\/logo-2.png\",\"width\":400,\"height\":204,\"caption\":\"Stockalperweg\"},\"image\":{\"@id\":\"https:\\\/\\\/www.stockalperweg.ch\\\/fr\\\/#\\\/schema\\\/logo\\\/image\\\/\"},\"sameAs\":[\"https:\\\/\\\/www.facebook.com\\\/ViaStockalper\",\"https:\\\/\\\/de.wikipedia.org\\\/wiki\\\/Via_Stockalper\"]}]}<\/script>\n<!-- \/ Yoast SEO plugin. -->","yoast_head_json":{"title":"Gondo - Bognanco - Stockalperweg","description":"La quatri\u00e8me \u00e9tape du Stockalperweg m\u00e8ne du Simplonpass, par le col de Monscera, \u00e0 Bognanco (Italie).","robots":{"index":"index","follow":"follow","max-snippet":"max-snippet:-1","max-image-preview":"max-image-preview:large","max-video-preview":"max-video-preview:-1"},"canonical":"https:\/\/www.stockalperweg.ch\/fr\/chemin-du-stockalper\/gondo-bognanco\/","og_locale":"fr_FR","og_type":"article","og_title":"Gondo - Bognanco - Stockalperweg","og_description":"La quatri\u00e8me \u00e9tape du Stockalperweg m\u00e8ne du Simplonpass, par le col de Monscera, \u00e0 Bognanco (Italie).","og_url":"https:\/\/www.stockalperweg.ch\/fr\/chemin-du-stockalper\/gondo-bognanco\/","og_site_name":"Stockalperweg","article_publisher":"https:\/\/www.facebook.com\/ViaStockalper","article_modified_time":"2021-07-12T08:04:10+00:00","twitter_card":"summary_large_image","twitter_misc":{"Dur\u00e9e de lecture estim\u00e9e":"1 minute"},"schema":{"@context":"https:\/\/schema.org","@graph":[{"@type":"WebPage","@id":"https:\/\/www.stockalperweg.ch\/fr\/chemin-du-stockalper\/gondo-bognanco\/","url":"https:\/\/www.stockalperweg.ch\/fr\/chemin-du-stockalper\/gondo-bognanco\/","name":"Gondo - Bognanco - Stockalperweg","isPartOf":{"@id":"https:\/\/www.stockalperweg.ch\/fr\/#website"},"datePublished":"2021-07-12T07:57:03+00:00","dateModified":"2021-07-12T08:04:10+00:00","description":"La quatri\u00e8me \u00e9tape du Stockalperweg m\u00e8ne du Simplonpass, par le col de Monscera, \u00e0 Bognanco (Italie).","breadcrumb":{"@id":"https:\/\/www.stockalperweg.ch\/fr\/chemin-du-stockalper\/gondo-bognanco\/#breadcrumb"},"inLanguage":"fr-FR","potentialAction":[{"@type":"ReadAction","target":["https:\/\/www.stockalperweg.ch\/fr\/chemin-du-stockalper\/gondo-bognanco\/"]}]},{"@type":"BreadcrumbList","@id":"https:\/\/www.stockalperweg.ch\/fr\/chemin-du-stockalper\/gondo-bognanco\/#breadcrumb","itemListElement":[{"@type":"ListItem","position":1,"name":"Startseite","item":"https:\/\/www.stockalperweg.ch\/fr\/"},{"@type":"ListItem","position":2,"name":"Sentier Stockalper","item":"https:\/\/www.stockalperweg.ch\/fr\/"},{"@type":"ListItem","position":3,"name":"Gondo &#8211; Bognanco"}]},{"@type":"WebSite","@id":"https:\/\/www.stockalperweg.ch\/fr\/#website","url":"https:\/\/www.stockalperweg.ch\/fr\/","name":"Stockalperweg","description":"Der historische Wanderweg die ViaStockalper oder auch Stockalperweg f\u00fchrt von Brig nach Domodossola","publisher":{"@id":"https:\/\/www.stockalperweg.ch\/fr\/#organization"},"potentialAction":[{"@type":"SearchAction","target":{"@type":"EntryPoint","urlTemplate":"https:\/\/www.stockalperweg.ch\/fr\/?s={search_term_string}"},"query-input":{"@type":"PropertyValueSpecification","valueRequired":true,"valueName":"search_term_string"}}],"inLanguage":"fr-FR"},{"@type":"Organization","@id":"https:\/\/www.stockalperweg.ch\/fr\/#organization","name":"Stockalperweg","url":"https:\/\/www.stockalperweg.ch\/fr\/","logo":{"@type":"ImageObject","inLanguage":"fr-FR","@id":"https:\/\/www.stockalperweg.ch\/fr\/#\/schema\/logo\/image\/","url":"https:\/\/www.stockalperweg.ch\/wp-content\/uploads\/2020\/01\/logo-2.png","contentUrl":"https:\/\/www.stockalperweg.ch\/wp-content\/uploads\/2020\/01\/logo-2.png","width":400,"height":204,"caption":"Stockalperweg"},"image":{"@id":"https:\/\/www.stockalperweg.ch\/fr\/#\/schema\/logo\/image\/"},"sameAs":["https:\/\/www.facebook.com\/ViaStockalper","https:\/\/de.wikipedia.org\/wiki\/Via_Stockalper"]}]}},"_links":{"self":[{"href":"https:\/\/www.stockalperweg.ch\/fr\/wp-json\/wp\/v2\/pages\/3038","targetHints":{"allow":["GET"]}}],"collection":[{"href":"https:\/\/www.stockalperweg.ch\/fr\/wp-json\/wp\/v2\/pages"}],"about":[{"href":"https:\/\/www.stockalperweg.ch\/fr\/wp-json\/wp\/v2\/types\/page"}],"author":[{"embeddable":true,"href":"https:\/\/www.stockalperweg.ch\/fr\/wp-json\/wp\/v2\/users\/8"}],"replies":[{"embeddable":true,"href":"https:\/\/www.stockalperweg.ch\/fr\/wp-json\/wp\/v2\/comments?post=3038"}],"version-history":[{"count":3,"href":"https:\/\/www.stockalperweg.ch\/fr\/wp-json\/wp\/v2\/pages\/3038\/revisions"}],"predecessor-version":[{"id":3051,"href":"https:\/\/www.stockalperweg.ch\/fr\/wp-json\/wp\/v2\/pages\/3038\/revisions\/3051"}],"up":[{"embeddable":true,"href":"https:\/\/www.stockalperweg.ch\/fr\/wp-json\/wp\/v2\/pages\/87"}],"wp:attachment":[{"href":"https:\/\/www.stockalperweg.ch\/fr\/wp-json\/wp\/v2\/media?parent=3038"}],"curies":[{"name":"wp","href":"https:\/\/api.w.org\/{rel}","templated":true}]}}