{"id":3182,"date":"2021-11-19T09:13:22","date_gmt":"2021-11-19T08:13:22","guid":{"rendered":"https:\/\/www.stockalperweg.ch\/offers\/terms-conditions\/"},"modified":"2021-11-19T09:13:24","modified_gmt":"2021-11-19T08:13:24","slug":"terms-conditions","status":"publish","type":"page","link":"https:\/\/www.stockalperweg.ch\/en\/offers\/terms-conditions\/","title":{"rendered":"terms &#038; conditions"},"content":{"rendered":"<div id='full_slider_1'  class='avia-fullwidth-slider main_color avia-shadow   avia-builder-el-0  el_before_av_section  avia-builder-el-first   container_wrap fullsize'  ><div  class='avia-slideshow av-k5y1m85a-b3f1c0e1b83cd63d23e951415c633c68 avia-slideshow-featured av_slideshow_full avia-slide-slider av-slideshow-ui av-control-default av-slideshow-manual av-loop-once av-loop-manual-endless av-default-height-applied   avia-slideshow-1' data-slideshow-options=\"{&quot;animation&quot;:&quot;slide&quot;,&quot;autoplay&quot;:false,&quot;loop_autoplay&quot;:&quot;once&quot;,&quot;interval&quot;:5,&quot;loop_manual&quot;:&quot;manual-endless&quot;,&quot;autoplay_stopper&quot;:false,&quot;noNavigation&quot;:false,&quot;bg_slider&quot;:false,&quot;keep_padding&quot;:false,&quot;hoverpause&quot;:false,&quot;show_slide_delay&quot;:0}\"  itemprop=\"image\" itemscope=\"itemscope\" itemtype=\"https:\/\/schema.org\/ImageObject\" ><ul class='avia-slideshow-inner ' style='padding-bottom: 28.666666666667%;'><li  class='avia-slideshow-slide av-k5y1m85a-b3f1c0e1b83cd63d23e951415c633c68__0  av-single-slide slide-1 slide-odd'><div data-rel='slideshow-1' class='avia-slide-wrap '   ><img decoding=\"async\" fetchpriority=\"high\" class=\"wp-image-3183 avia-img-lazy-loading-not-3183\"  src=\"https:\/\/www.stockalperweg.ch\/wp-content\/uploads\/2020\/01\/Stockalperweg_ViaStockalper-5-1500x430.jpg\" width=\"1500\" height=\"430\" title='Stockalperweg Festung Fort Gondo' alt=''  itemprop=\"thumbnailUrl\"   \/><\/div><\/li><\/ul><\/div><\/div>\n<div id='av_section_1'  class='avia-section av-es8st-0176d07d692fe9f8c7bc983e5145a4f2 main_color avia-section-default avia-no-border-styling  avia-builder-el-1  el_after_av_slideshow_full  avia-builder-el-last  avia-bg-style-scroll container_wrap fullsize'  ><div class='container av-section-cont-open' ><div class='template-page content  av-content-full alpha units'><div class='post-entry post-entry-type-page post-entry-3182'><div class='entry-content-wrapper clearfix'>\n<section  class='av_textblock_section av-k5y1ki9y-321180d687676c4c9060c3dd737d7807 '   itemscope=\"itemscope\" itemtype=\"https:\/\/schema.org\/CreativeWork\" ><div class='avia_textblock'  itemprop=\"text\" ><h2>Allgemeine Vertrags- und Reisebedingungen der Brig Simplon Tourismus AG<\/h2>\n<p><strong> Was diese \u201eAllgemeinen Vertrags- und Reisebedingungen\u201c regeln<\/strong><br \/>\n1.1\u00a0 Diese \u201eAllgemeinen Vertrags- und Reisebedingungen\u201c regeln die Rechtsbeziehungen zwischen Ihnen und der Brig Simplon Tourismus AG (nachstehend BST genannt) f\u00fcr von BST veranstaltete Reisearrangements.<\/p>\n<p>1.2 Auf folgenden Reisen und Dienstleistungen finden diese \u201eAllgemeinen Vertrags- und Reisebedingungen\u201c nicht Anwendung: Bei allen von BST vermittelten \u00dcbernachtungen in Hotels oder anderen Unterk\u00fcnften gelten die Allgemeinen Vertrags- und Beherbergungsbedingungen des von Ihnen gebuchten Hotels oder Unterkunft.<br \/>\nWerden Ihnen durch Ihre Buchungsstelle Reisearrangements oder Einzelleistungen anderer Reiseveranstalter oder Dienstleistungsunternehmen vermittelt (z.B. Matterhorn Gotthard Bahn, Gornergrat Bahn etc.), so gelten deren eigene Vertrags- und Reisebedingungen. In all diesen F\u00e4llen ist BST nicht Vertragspartei, und Sie k\u00f6nnen sich daher auch nicht auf die vorliegenden \u201eAllgemeinen Vertrags- und Reisebedingungen\u201c berufen.<\/p>\n<p><strong>2. Wie der Vertrag zwischen Ihnen und Brig Simplon Tourismus abgeschlossen wird<\/strong><br \/>\n2.1 \u00a0Der Vertrag zwischen Ihnen und BST kommt mit der vorbehaltlosen Annahme Ihrer schriftlichen, telefonischen oder pers\u00f6nlichen Anmeldung bei Ihrer Buchungsstelle zustande. Von diesem Zeitpunkt an werden die Rechte und Pflichten aus dem Vertrag (mitsamt diesen \u201eAllgemeinen Vertrags- und Reisebedingungen\u201c) f\u00fcr Sie und BST wirksam.<\/p>\n<p>2.2\u00a0 Meldet die buchende Person\/der buchende Reiseveranstalter weitere Reiseteilnehmer an, so steht sie f\u00fcr deren Vertragspflichten (insbesondere Bezahlung des Reisepreises) wie f\u00fcr ihre eigenen Verpflichtungen ein. Die vertraglichen Vereinbarungen und diese \u201eAllgemeinen Vertrags- und Reisebedingungen\u201c gelten f\u00fcr alle Reiseteilnehmer.<\/p>\n<p><strong>3. Preis- und Zahlungsbedingungen<\/strong><br \/>\n3.1\u00a0 Preise<br \/>\nDie Preise f\u00fcr die Reisearrangements ersehen Sie aus dem Internetauftritt von BST. Die Preise f\u00fcr Reisearrangements verstehen sich, wenn nichts anderes bei der Ausschreibung erw\u00e4hnt ist, pro Person und in Schweizer Franken. Die Pauschalpreise basieren auf Barzahlung oder gegen Rechnung. Es sind jeweils die bei der Buchung g\u00fcltigen Preise bzw. Preislisten massgebend. Preis\u00e4nderungen siehe Ziffer 6.<\/p>\n<p>3.2\u00a0 Reservierungsgeb\u00fchren<br \/>\nF\u00fcr die Bearbeitung und Reservation des gebuchten Angebots erhebt BST eine Reservierungs- und Bearbeitungsgeb\u00fchr pro Person. Diese ist im ausgeschriebenen Preis bereits eingerechnet. Transfers sind, wo nicht anders vermerkt, nicht eingeschlossen.<\/p>\n<p>3.3\u00a0 Bearbeitungs- und Reservierungskosten<br \/>\nWir machen Sie darauf aufmerksam, dass Ihre Buchungsstelle, neben den im Katalog oder auf der Internetseite erw\u00e4hnten Preisen, im Bedarfsfall zus\u00e4tzliche Kostenanteile f\u00fcr die Reservierung und Bearbeitung erheben kann.<\/p>\n<p>3.4\u00a0 Sie erhalten mit Buchungsbest\u00e4tigung eine Rechnung. Die Rechnung ist innert 30 Tagen zu bezahlen. Der in Rechnung gestellte Preis bezieht sich auf die zum Buchungszeitpunkt gemeldete Personenzahl. Sollte sich diese zu einem sp\u00e4teren Zeitpunkt noch ver\u00e4ndern, so gelten f\u00fcr die nach- oder abgemeldeten Personen die Bestimmungen gem\u00e4ss Ziffer 4.3.<\/p>\n<p>3.7\u00a0 Kosten- und Gewinnaufschlag f\u00fcr Reiseveranstalter<\/p>\n<p>Als Veranstalter von Gruppenreisen sind sie berechtigt, dem zwischen Ihnen und der BST vereinbarten Preis die Kosten Ihrer Dienstleistungen (z.B. Transport im Reisecar, Reisebegleitung, Buchungsgeb\u00fchren etc.) und einen Gewinnzuschlag hinzuzurechnen.<\/p>\n<p><strong>4. Sie \u00e4ndern Ihre Anmeldung, Ihr Reiseprogramm oder k\u00f6nnen die Reise nicht antreten (Annullation)<\/strong><br \/>\n4.1\u00a0 Allgemeines<br \/>\nWenn Sie die Reise absagen (annullieren) oder eine \u00c4nderung, Umbuchung der gebuchten Reise w\u00fcnschen, so m\u00fcssen Sie dies Ihrer Buchungsstelle pers\u00f6nlich und schriftlich mitteilen. Die bereits erhaltenen Reisedokumente sind der Buchungsstelle gleichzeitig zur\u00fcckzugeben.<\/p>\n<p>4.2\u00a0 Bearbeitungsgeb\u00fchr<br \/>\nBei einer Annullation, \u00c4nderung oder Umbuchung Ihrer Reise kann von BST eine Bearbeitungsgeb\u00fchr erhoben werden (s. auch Ziffer 4.3). Hinzu k\u00f6nnen noch eventuelle Telefon- und Bearbeitungsspesen der Buchungsstelle kommen.<\/p>\n<p>4.3\u00a0 Annullationskosten<br \/>\nSagen Sie die Reise weniger als 10 Tage vor Reisebeginn ab oder wollen Sie irgendwelche \u00c4nderungen oder Umbuchungen vornehmen lassen, so werden zus\u00e4tzlich zu den Bearbeitungsgeb\u00fchren (Ziffer 4.2) folgende Annullationskosten erhoben (davon ausgeschlossen Hotelbuchungen):<\/p>\n<table width=\"60%\">\n<tbody>\n<tr>\n<td width=\"56%\">Bis 60 Tage vor Reisedatum:<\/td>\n<td width=\"43%\">20% des offiziellen Preises (urspr\u00fcnglich gemeldete Gruppengr\u00f6sse)<\/td>\n<\/tr>\n<tr>\n<td width=\"56%\">59 bis 3 Tage vor Reisedatum<\/td>\n<td width=\"43%\">50% des offiziellen Preises (urspr\u00fcnglich gemeldete Gruppengr\u00f6sse)<\/td>\n<\/tr>\n<tr>\n<td width=\"56%\">2 Tage bis Reisetag sowie definitiv gebuchteGruppen oder Nichterscheinen der Gruppe<\/td>\n<td width=\"43%\">100% des offiziellen Preises (urspr\u00fcnglich gemeldete Gruppengr\u00f6sse)<\/td>\n<\/tr>\n<\/tbody>\n<\/table>\n<\/div><\/section>\n<section  class='av_textblock_section av-k7k50m0y-8ffd75a7e7409bc26fd206039d7d34cc '   itemscope=\"itemscope\" itemtype=\"https:\/\/schema.org\/CreativeWork\" ><div class='avia_textblock'  itemprop=\"text\" ><\/div><\/section>\n\n","protected":false},"excerpt":{"rendered":"<p>General Terms and Conditions of Contract and Travel of Brig Simplon Tourismus AG<\/p>\n","protected":false},"author":7,"featured_media":3183,"parent":3140,"menu_order":0,"comment_status":"closed","ping_status":"closed","template":"","meta":{"footnotes":""},"class_list":["post-3182","page","type-page","status-publish","has-post-thumbnail","hentry"],"yoast_head":"<!-- This site is optimized with the Yoast SEO plugin v27.5 - https:\/\/yoast.com\/product\/yoast-seo-wordpress\/ -->\n<title>terms &amp; conditions - Stockalperweg<\/title>\n<meta name=\"robots\" content=\"index, follow, max-snippet:-1, max-image-preview:large, max-video-preview:-1\" \/>\n<link rel=\"canonical\" href=\"https:\/\/www.stockalperweg.ch\/en\/offers\/terms-conditions\/\" \/>\n<meta property=\"og:locale\" content=\"en_US\" \/>\n<meta property=\"og:type\" content=\"article\" \/>\n<meta property=\"og:title\" content=\"terms &amp; conditions - Stockalperweg\" \/>\n<meta property=\"og:description\" content=\"General Terms and Conditions of Contract and Travel of Brig Simplon Tourismus AG\" \/>\n<meta property=\"og:url\" content=\"https:\/\/www.stockalperweg.ch\/en\/offers\/terms-conditions\/\" \/>\n<meta property=\"og:site_name\" content=\"Stockalperweg\" \/>\n<meta property=\"article:publisher\" content=\"https:\/\/www.facebook.com\/ViaStockalper\" \/>\n<meta property=\"article:modified_time\" content=\"2021-11-19T08:13:24+00:00\" \/>\n<meta property=\"og:image\" content=\"https:\/\/www.stockalperweg.ch\/wp-content\/uploads\/2020\/01\/Stockalperweg_ViaStockalper-5.jpg\" \/>\n\t<meta property=\"og:image:width\" content=\"2048\" \/>\n\t<meta property=\"og:image:height\" content=\"1365\" \/>\n\t<meta property=\"og:image:type\" content=\"image\/jpeg\" \/>\n<meta name=\"twitter:card\" content=\"summary_large_image\" \/>\n<meta name=\"twitter:label1\" content=\"Est. reading time\" \/>\n\t<meta name=\"twitter:data1\" content=\"4 minutes\" \/>\n<script type=\"application\/ld+json\" class=\"yoast-schema-graph\">{\"@context\":\"https:\\\/\\\/schema.org\",\"@graph\":[{\"@type\":\"WebPage\",\"@id\":\"https:\\\/\\\/www.stockalperweg.ch\\\/en\\\/offers\\\/terms-conditions\\\/\",\"url\":\"https:\\\/\\\/www.stockalperweg.ch\\\/en\\\/offers\\\/terms-conditions\\\/\",\"name\":\"terms & conditions - Stockalperweg\",\"isPartOf\":{\"@id\":\"https:\\\/\\\/www.stockalperweg.ch\\\/en\\\/#website\"},\"primaryImageOfPage\":{\"@id\":\"https:\\\/\\\/www.stockalperweg.ch\\\/en\\\/offers\\\/terms-conditions\\\/#primaryimage\"},\"image\":{\"@id\":\"https:\\\/\\\/www.stockalperweg.ch\\\/en\\\/offers\\\/terms-conditions\\\/#primaryimage\"},\"thumbnailUrl\":\"https:\\\/\\\/www.stockalperweg.ch\\\/wp-content\\\/uploads\\\/2020\\\/01\\\/Stockalperweg_ViaStockalper-5.jpg\",\"datePublished\":\"2021-11-19T08:13:22+00:00\",\"dateModified\":\"2021-11-19T08:13:24+00:00\",\"breadcrumb\":{\"@id\":\"https:\\\/\\\/www.stockalperweg.ch\\\/en\\\/offers\\\/terms-conditions\\\/#breadcrumb\"},\"inLanguage\":\"en-US\",\"potentialAction\":[{\"@type\":\"ReadAction\",\"target\":[\"https:\\\/\\\/www.stockalperweg.ch\\\/en\\\/offers\\\/terms-conditions\\\/\"]}]},{\"@type\":\"ImageObject\",\"inLanguage\":\"en-US\",\"@id\":\"https:\\\/\\\/www.stockalperweg.ch\\\/en\\\/offers\\\/terms-conditions\\\/#primaryimage\",\"url\":\"https:\\\/\\\/www.stockalperweg.ch\\\/wp-content\\\/uploads\\\/2020\\\/01\\\/Stockalperweg_ViaStockalper-5.jpg\",\"contentUrl\":\"https:\\\/\\\/www.stockalperweg.ch\\\/wp-content\\\/uploads\\\/2020\\\/01\\\/Stockalperweg_ViaStockalper-5.jpg\",\"width\":2048,\"height\":1365},{\"@type\":\"BreadcrumbList\",\"@id\":\"https:\\\/\\\/www.stockalperweg.ch\\\/en\\\/offers\\\/terms-conditions\\\/#breadcrumb\",\"itemListElement\":[{\"@type\":\"ListItem\",\"position\":1,\"name\":\"Startseite\",\"item\":\"https:\\\/\\\/www.stockalperweg.ch\\\/en\\\/\"},{\"@type\":\"ListItem\",\"position\":2,\"name\":\"Offers\",\"item\":\"https:\\\/\\\/www.stockalperweg.ch\\\/en\\\/angebote\\\/\"},{\"@type\":\"ListItem\",\"position\":3,\"name\":\"terms &#038; conditions\"}]},{\"@type\":\"WebSite\",\"@id\":\"https:\\\/\\\/www.stockalperweg.ch\\\/en\\\/#website\",\"url\":\"https:\\\/\\\/www.stockalperweg.ch\\\/en\\\/\",\"name\":\"Stockalperweg\",\"description\":\"Der historische Wanderweg die ViaStockalper oder auch Stockalperweg f\u00fchrt von Brig nach Domodossola\",\"publisher\":{\"@id\":\"https:\\\/\\\/www.stockalperweg.ch\\\/en\\\/#organization\"},\"potentialAction\":[{\"@type\":\"SearchAction\",\"target\":{\"@type\":\"EntryPoint\",\"urlTemplate\":\"https:\\\/\\\/www.stockalperweg.ch\\\/en\\\/?s={search_term_string}\"},\"query-input\":{\"@type\":\"PropertyValueSpecification\",\"valueRequired\":true,\"valueName\":\"search_term_string\"}}],\"inLanguage\":\"en-US\"},{\"@type\":\"Organization\",\"@id\":\"https:\\\/\\\/www.stockalperweg.ch\\\/en\\\/#organization\",\"name\":\"Stockalperweg\",\"url\":\"https:\\\/\\\/www.stockalperweg.ch\\\/en\\\/\",\"logo\":{\"@type\":\"ImageObject\",\"inLanguage\":\"en-US\",\"@id\":\"https:\\\/\\\/www.stockalperweg.ch\\\/en\\\/#\\\/schema\\\/logo\\\/image\\\/\",\"url\":\"https:\\\/\\\/www.stockalperweg.ch\\\/wp-content\\\/uploads\\\/2020\\\/01\\\/logo-2.png\",\"contentUrl\":\"https:\\\/\\\/www.stockalperweg.ch\\\/wp-content\\\/uploads\\\/2020\\\/01\\\/logo-2.png\",\"width\":400,\"height\":204,\"caption\":\"Stockalperweg\"},\"image\":{\"@id\":\"https:\\\/\\\/www.stockalperweg.ch\\\/en\\\/#\\\/schema\\\/logo\\\/image\\\/\"},\"sameAs\":[\"https:\\\/\\\/www.facebook.com\\\/ViaStockalper\",\"https:\\\/\\\/de.wikipedia.org\\\/wiki\\\/Via_Stockalper\"]}]}<\/script>\n<!-- \/ Yoast SEO plugin. -->","yoast_head_json":{"title":"terms & conditions - Stockalperweg","robots":{"index":"index","follow":"follow","max-snippet":"max-snippet:-1","max-image-preview":"max-image-preview:large","max-video-preview":"max-video-preview:-1"},"canonical":"https:\/\/www.stockalperweg.ch\/en\/offers\/terms-conditions\/","og_locale":"en_US","og_type":"article","og_title":"terms & conditions - Stockalperweg","og_description":"General Terms and Conditions of Contract and Travel of Brig Simplon Tourismus AG","og_url":"https:\/\/www.stockalperweg.ch\/en\/offers\/terms-conditions\/","og_site_name":"Stockalperweg","article_publisher":"https:\/\/www.facebook.com\/ViaStockalper","article_modified_time":"2021-11-19T08:13:24+00:00","og_image":[{"width":2048,"height":1365,"url":"https:\/\/www.stockalperweg.ch\/wp-content\/uploads\/2020\/01\/Stockalperweg_ViaStockalper-5.jpg","type":"image\/jpeg"}],"twitter_card":"summary_large_image","twitter_misc":{"Est. reading time":"4 minutes"},"schema":{"@context":"https:\/\/schema.org","@graph":[{"@type":"WebPage","@id":"https:\/\/www.stockalperweg.ch\/en\/offers\/terms-conditions\/","url":"https:\/\/www.stockalperweg.ch\/en\/offers\/terms-conditions\/","name":"terms & conditions - Stockalperweg","isPartOf":{"@id":"https:\/\/www.stockalperweg.ch\/en\/#website"},"primaryImageOfPage":{"@id":"https:\/\/www.stockalperweg.ch\/en\/offers\/terms-conditions\/#primaryimage"},"image":{"@id":"https:\/\/www.stockalperweg.ch\/en\/offers\/terms-conditions\/#primaryimage"},"thumbnailUrl":"https:\/\/www.stockalperweg.ch\/wp-content\/uploads\/2020\/01\/Stockalperweg_ViaStockalper-5.jpg","datePublished":"2021-11-19T08:13:22+00:00","dateModified":"2021-11-19T08:13:24+00:00","breadcrumb":{"@id":"https:\/\/www.stockalperweg.ch\/en\/offers\/terms-conditions\/#breadcrumb"},"inLanguage":"en-US","potentialAction":[{"@type":"ReadAction","target":["https:\/\/www.stockalperweg.ch\/en\/offers\/terms-conditions\/"]}]},{"@type":"ImageObject","inLanguage":"en-US","@id":"https:\/\/www.stockalperweg.ch\/en\/offers\/terms-conditions\/#primaryimage","url":"https:\/\/www.stockalperweg.ch\/wp-content\/uploads\/2020\/01\/Stockalperweg_ViaStockalper-5.jpg","contentUrl":"https:\/\/www.stockalperweg.ch\/wp-content\/uploads\/2020\/01\/Stockalperweg_ViaStockalper-5.jpg","width":2048,"height":1365},{"@type":"BreadcrumbList","@id":"https:\/\/www.stockalperweg.ch\/en\/offers\/terms-conditions\/#breadcrumb","itemListElement":[{"@type":"ListItem","position":1,"name":"Startseite","item":"https:\/\/www.stockalperweg.ch\/en\/"},{"@type":"ListItem","position":2,"name":"Offers","item":"https:\/\/www.stockalperweg.ch\/en\/angebote\/"},{"@type":"ListItem","position":3,"name":"terms &#038; conditions"}]},{"@type":"WebSite","@id":"https:\/\/www.stockalperweg.ch\/en\/#website","url":"https:\/\/www.stockalperweg.ch\/en\/","name":"Stockalperweg","description":"Der historische Wanderweg die ViaStockalper oder auch Stockalperweg f\u00fchrt von Brig nach Domodossola","publisher":{"@id":"https:\/\/www.stockalperweg.ch\/en\/#organization"},"potentialAction":[{"@type":"SearchAction","target":{"@type":"EntryPoint","urlTemplate":"https:\/\/www.stockalperweg.ch\/en\/?s={search_term_string}"},"query-input":{"@type":"PropertyValueSpecification","valueRequired":true,"valueName":"search_term_string"}}],"inLanguage":"en-US"},{"@type":"Organization","@id":"https:\/\/www.stockalperweg.ch\/en\/#organization","name":"Stockalperweg","url":"https:\/\/www.stockalperweg.ch\/en\/","logo":{"@type":"ImageObject","inLanguage":"en-US","@id":"https:\/\/www.stockalperweg.ch\/en\/#\/schema\/logo\/image\/","url":"https:\/\/www.stockalperweg.ch\/wp-content\/uploads\/2020\/01\/logo-2.png","contentUrl":"https:\/\/www.stockalperweg.ch\/wp-content\/uploads\/2020\/01\/logo-2.png","width":400,"height":204,"caption":"Stockalperweg"},"image":{"@id":"https:\/\/www.stockalperweg.ch\/en\/#\/schema\/logo\/image\/"},"sameAs":["https:\/\/www.facebook.com\/ViaStockalper","https:\/\/de.wikipedia.org\/wiki\/Via_Stockalper"]}]}},"_links":{"self":[{"href":"https:\/\/www.stockalperweg.ch\/en\/wp-json\/wp\/v2\/pages\/3182","targetHints":{"allow":["GET"]}}],"collection":[{"href":"https:\/\/www.stockalperweg.ch\/en\/wp-json\/wp\/v2\/pages"}],"about":[{"href":"https:\/\/www.stockalperweg.ch\/en\/wp-json\/wp\/v2\/types\/page"}],"author":[{"embeddable":true,"href":"https:\/\/www.stockalperweg.ch\/en\/wp-json\/wp\/v2\/users\/7"}],"replies":[{"embeddable":true,"href":"https:\/\/www.stockalperweg.ch\/en\/wp-json\/wp\/v2\/comments?post=3182"}],"version-history":[{"count":2,"href":"https:\/\/www.stockalperweg.ch\/en\/wp-json\/wp\/v2\/pages\/3182\/revisions"}],"predecessor-version":[{"id":3185,"href":"https:\/\/www.stockalperweg.ch\/en\/wp-json\/wp\/v2\/pages\/3182\/revisions\/3185"}],"up":[{"embeddable":true,"href":"https:\/\/www.stockalperweg.ch\/en\/wp-json\/wp\/v2\/pages\/3140"}],"wp:featuredmedia":[{"embeddable":true,"href":"https:\/\/www.stockalperweg.ch\/en\/wp-json\/wp\/v2\/media\/3183"}],"wp:attachment":[{"href":"https:\/\/www.stockalperweg.ch\/en\/wp-json\/wp\/v2\/media?parent=3182"}],"curies":[{"name":"wp","href":"https:\/\/api.w.org\/{rel}","templated":true}]}}